{"id":576,"date":"2017-08-21T07:43:19","date_gmt":"2017-08-21T07:43:19","guid":{"rendered":"https:\/\/victorthemes.com\/themes\/groppe\/?page_id=576"},"modified":"2022-11-28T16:30:28","modified_gmt":"2022-11-28T15:30:28","slug":"contact","status":"publish","type":"page","link":"https:\/\/www.lyli-association.fr\/?page_id=576","title":{"rendered":"Contactez Lyli school"},"content":{"rendered":"<p>[vc_row overlay_dotted=\u00a0\u00bb\u00a0\u00bb css=\u00a0\u00bb.vc_custom_1506606750513{padding-right: 0px !important;padding-left: 0px !important;}\u00a0\u00bb][vc_column offset=\u00a0\u00bbvc_col-lg-4 vc_col-md-4&Prime;][vc_column_text el_class=\u00a0\u00bbgrop-cgettouch_txt\u00a0\u00bb]<\/p>\n<h3>RESTONS EN CONTACT<\/h3>\n<p>Nous sommes l\u00e0 pour vous aider et vous r\u00e9pondre \u00e0 tout moment, alors n&rsquo;h\u00e9sitez pas \u00e0 nous contacter. Nous fournissons ici les coordonn\u00e9es de l&rsquo;association pour vous faciliter la t\u00e2che.[\/vc_column_text]<div class=\"grop-cgettouch_info \">\n  <h4>Adresse courrier<\/h4>  <address class=\"grop-cgettouch_locn \">\n    <p>71 impasse Jean Baptiste Charcot -Oasis hotel - 83600 Fr\u00e9jus - France<\/p><span>T\u00e9l\u00e9phone:<a href=\"tel:1-800-7878-09\">06 12 89 66 38<\/a><\/span><span>Email:<a href=\"mailto:info@lyli-association.fr\">info@lyli-association.fr<\/a><\/span>  <\/address>\n<\/div>\n[\/vc_column][vc_column offset=\u00a0\u00bbvc_col-lg-8 vc_col-md-8&Prime; css=\u00a0\u00bb.vc_custom_1507709902761{padding-top: 13px !important;}\u00a0\u00bb]<div class=\"grop-contact_form grop-contact-6a0951ce44437\"><div role=\"form\" class=\"wpcf7\" id=\"wpcf7-f2884-o1\" lang=\"en-US\" dir=\"ltr\">\n<div class=\"screen-reader-response\"><p role=\"status\" aria-live=\"polite\" aria-atomic=\"true\"><\/p> <ul><\/ul><\/div>\n<form action=\"\/index.php?rest_route=%2Fwp%2Fv2%2Fpages%2F576#wpcf7-f2884-o1\" method=\"post\" class=\"wpcf7-form init\" novalidate=\"novalidate\" data-status=\"init\">\n<div style=\"display: none;\">\n<input type=\"hidden\" name=\"_wpcf7\" value=\"2884\" \/>\n<input type=\"hidden\" name=\"_wpcf7_version\" value=\"5.5.3\" \/>\n<input type=\"hidden\" name=\"_wpcf7_locale\" value=\"en_US\" \/>\n<input type=\"hidden\" name=\"_wpcf7_unit_tag\" value=\"wpcf7-f2884-o1\" \/>\n<input type=\"hidden\" name=\"_wpcf7_container_post\" value=\"0\" \/>\n<input type=\"hidden\" name=\"_wpcf7_posted_data_hash\" value=\"\" \/>\n<\/div>\n<div class=\"row grop-input-col-2 grop-confrm_sigl\">\n<div class=\"col-sm-6\">\n<span class=\"wpcf7-form-control-wrap text-932\"><input type=\"text\" name=\"text-932\" value=\"\" size=\"40\" class=\"wpcf7-form-control wpcf7-text wpcf7-validates-as-required grop-form-control\" aria-required=\"true\" aria-invalid=\"false\" placeholder=\"Nom\" \/><\/span><\/div>\n<div class=\"col-sm-6\"><span class=\"wpcf7-form-control-wrap email-431\"><input type=\"email\" name=\"email-431\" value=\"\" size=\"40\" class=\"wpcf7-form-control wpcf7-text wpcf7-email wpcf7-validates-as-required wpcf7-validates-as-email grop-form-control\" aria-required=\"true\" aria-invalid=\"false\" placeholder=\"Email\" \/><\/span><\/div>\n<\/div>\n<div class=\"grop-input-col-1 grop-confrm_sigl\"><span class=\"wpcf7-form-control-wrap subject\"><input type=\"text\" name=\"subject\" value=\"\" size=\"40\" class=\"wpcf7-form-control wpcf7-text grop-form-control\" aria-invalid=\"false\" placeholder=\"Sujet\" \/><\/span><\/div>\n<div class=\"grop-input-col-1 grop-confrm_sigl\"><span class=\"wpcf7-form-control-wrap textarea-261\"><textarea name=\"textarea-261\" cols=\"40\" rows=\"10\" class=\"wpcf7-form-control wpcf7-textarea wpcf7-validates-as-required grop-form-control\" aria-required=\"true\" aria-invalid=\"false\" placeholder=\"Ecrivez votre message....\"><\/textarea><\/span><\/div>\n<div class=\"grop-input-col-1  grop-confrm_sigl\"><button class=\"grop-btn grop-btn_overly grop-btn_submit\" type=\"submit\"><span>Envoyer le message<\/span><\/button><\/div>\n<div class=\"wpcf7-response-output\" aria-hidden=\"true\"><\/div><\/form><\/div><\/div>[\/vc_column][\/vc_row][vc_row full_width=\u00a0\u00bbstretch_row_content_no_spaces\u00a0\u00bb overlay_dotted=\u00a0\u00bb\u00a0\u00bb][vc_column][\/vc_column][\/vc_row][vc_row full_width=\u00a0\u00bbstretch_row_content\u00a0\u00bb overlay_dotted=\u00a0\u00bb\u00a0\u00bb css=\u00a0\u00bb.vc_custom_1504705211800{padding-top: 75px !important;padding-bottom: 80px !important;background-color: #f0c84c !important;}\u00a0\u00bb][vc_column css=\u00a0\u00bb.vc_custom_1505911260295{padding-top: 0px !important;padding-right: 0px !important;padding-left: 0px !important;}\u00a0\u00bb]<div class=\"grop-contact_social_area \"><div class=\"container\"><div class=\"text-center  grop-contact_social\"><h3>SUIVEZ-NOUS<\/h3><p>Restez \u00e0 jour sur les derni\u00e8res nouvelles et mises \u00e0 jour et aidez-nous en diffusant nos derni\u00e8res actualit\u00e9s.<\/p><ul class=\"list-inline  grop-csol_list\"><li><a href=\"https:\/\/www.facebook.com\/LyliSchool\/\" target=\"_blank\"><i class=\"fa fa-facebook-official\"><\/i><\/a><\/li><\/ul><\/div><\/div><\/div>[\/vc_column][\/vc_row]<\/p>\n","protected":false},"excerpt":{"rendered":"[vc_row overlay_dotted=\u00a0\u00bb\u00a0\u00bb css=\u00a0\u00bb.vc_custom_1506606750513{padding-right: 0px !important;padding-left: 0px !important;}\u00a0\u00bb][vc_column offset=\u00a0\u00bbvc_col-lg-4 vc_col-md-4&Prime;][vc_column_text el_class=\u00a0\u00bbgrop-cgettouch_txt\u00a0\u00bb] RESTONS EN CONTACT Nous sommes l\u00e0 pour vous aider et vous r\u00e9pondre \u00e0 tout moment, alors n&rsquo;h\u00e9sitez pas \u00e0 nous contacter. Nous fournissons ici les coordonn\u00e9es de l&rsquo;association pour vous faciliter la t\u00e2che.[\/vc_column_text][\/vc_column][vc_column offset=\u00a0\u00bbvc_col-lg-8 vc_col-md-8&Prime; css=\u00a0\u00bb.vc_custom_1507709902761{padding-top: 13px !important;}\u00a0\u00bb][\/vc_column][\/vc_row][vc_row full_width=\u00a0\u00bbstretch_row_content_no_spaces\u00a0\u00bb overlay_dotted=\u00a0\u00bb\u00a0\u00bb][vc_column][\/vc_column][\/vc_row][vc_row full_width=\u00a0\u00bbstretch_row_content\u00a0\u00bb overlay_dotted=\u00a0\u00bb\u00a0\u00bb css=\u00a0\u00bb.vc_custom_1504705211800{padding-top: 75px !important;padding-bottom: &#8230;","protected":false},"author":1,"featured_media":0,"parent":0,"menu_order":0,"comment_status":"closed","ping_status":"closed","template":"","meta":{"_exactmetrics_skip_tracking":false,"_exactmetrics_sitenote_active":false,"_exactmetrics_sitenote_note":"","_exactmetrics_sitenote_category":0,"footnotes":""},"aioseo_notices":[],"_links":{"self":[{"href":"https:\/\/www.lyli-association.fr\/index.php?rest_route=\/wp\/v2\/pages\/576"}],"collection":[{"href":"https:\/\/www.lyli-association.fr\/index.php?rest_route=\/wp\/v2\/pages"}],"about":[{"href":"https:\/\/www.lyli-association.fr\/index.php?rest_route=\/wp\/v2\/types\/page"}],"author":[{"embeddable":true,"href":"https:\/\/www.lyli-association.fr\/index.php?rest_route=\/wp\/v2\/users\/1"}],"replies":[{"embeddable":true,"href":"https:\/\/www.lyli-association.fr\/index.php?rest_route=%2Fwp%2Fv2%2Fcomments&post=576"}],"version-history":[{"count":11,"href":"https:\/\/www.lyli-association.fr\/index.php?rest_route=\/wp\/v2\/pages\/576\/revisions"}],"predecessor-version":[{"id":3061,"href":"https:\/\/www.lyli-association.fr\/index.php?rest_route=\/wp\/v2\/pages\/576\/revisions\/3061"}],"wp:attachment":[{"href":"https:\/\/www.lyli-association.fr\/index.php?rest_route=%2Fwp%2Fv2%2Fmedia&parent=576"}],"curies":[{"name":"wp","href":"https:\/\/api.w.org\/{rel}","templated":true}]}}