{"id":476,"date":"2017-08-16T14:34:39","date_gmt":"2017-08-16T14:34:39","guid":{"rendered":"https:\/\/victorthemes.com\/themes\/groppe\/faq-copy\/"},"modified":"2021-12-02T17:49:29","modified_gmt":"2021-12-02T16:49:29","slug":"become-volunteer","status":"publish","type":"page","link":"https:\/\/www.lyli-association.fr\/?page_id=476","title":{"rendered":"S&rsquo;engager"},"content":{"rendered":"<p>[vc_row overlay_dotted=\u00a0\u00bb\u00a0\u00bb css=\u00a0\u00bb.vc_custom_1507018787113{padding-top: 80px !important;padding-bottom: 20px !important;}\u00a0\u00bb][vc_column el_class=\u00a0\u00bbgrop-bvtxt_warp\u00a0\u00bb offset=\u00a0\u00bbvc_col-lg-6 vc_col-md-6&Prime;][vc_column_text el_class=\u00a0\u00bbgrop-bv_txt\u00a0\u00bb css=\u00a0\u00bb.vc_custom_1527999665216{margin-bottom: 20px !important;}\u00a0\u00bb]<\/p>\n<h3>PARTICIPEZ AU PROJET<\/h3>\n<p>[\/vc_column_text]<p class=\"grop-txt-blck  grop-txt-block-6a0951be9ef75-17-555555  text-left\">Devenir b\u00e9n\u00e9vole pour Lyli Association, c\u2019est partager avec les enfants de Trompeng Tim vos connaissances et vos savoirs en g\u00e9n\u00e9ral. Que vous puissiez enseigner l\u2019anglais, pratiquer un sport, cr\u00e9er des activit\u00e9s ludiques, initier \u00e0 l\u2019informatique, cr\u00e9er un potager, tout est bon pour faire grandir l\u2019esprit des enfants et leur ouvrir de nouvelles voies.<\/p>  <div class=\"grop-bvtxt_list \">\n        <div class=\"grop-fix grop-bvlist_single\">\n        <div class=\"grop-float_left  grop-bvlist_icon\">\n          <img decoding=\"async\" src=\"https:\/\/www.lyli-association.fr\/wp-content\/uploads\/2017\/01\/callout-icon.png\" alt=\"Une aide physique\" \/>\n        <\/div>\n        <div class=\"grop-fix  grop-bvlist_text\">\n          <h4><a href=\"#0\" >Une aide physique<\/a><\/h4>        <\/div>\n      <\/div>\n        <div class=\"grop-fix grop-bvlist_single\">\n        <div class=\"grop-float_left  grop-bvlist_icon\">\n          <img decoding=\"async\" src=\"https:\/\/www.lyli-association.fr\/wp-content\/uploads\/2017\/01\/logo-one.png\" alt=\"Faire d\u00e9couvrir l\u2019association\" \/>\n        <\/div>\n        <div class=\"grop-fix  grop-bvlist_text\">\n          <h4><a href=\"#0\" >Faire d\u00e9couvrir l\u2019association<\/a><\/h4>        <\/div>\n      <\/div>\n        <div class=\"grop-fix grop-bvlist_single\">\n        <div class=\"grop-float_left  grop-bvlist_icon\">\n          <img decoding=\"async\" src=\"https:\/\/www.lyli-association.fr\/wp-content\/uploads\/2018\/04\/1-2.png\" alt=\"Faire un don\" \/>\n        <\/div>\n        <div class=\"grop-fix  grop-bvlist_text\">\n          <h4><a href=\"#0\" >Faire un don<\/a><\/h4>        <\/div>\n      <\/div>\n    <\/div>\n[\/vc_column][vc_column offset=\u00a0\u00bbvc_col-lg-6 vc_col-md-6&Prime; css=\u00a0\u00bb.vc_custom_1507018539106{padding-top: 13px !important;}\u00a0\u00bb]<div class=\"grop-contact_form grop-contact-6a0951be9f55d grop-bv_form_box\"><h3 class=\"grop-form_title\">DEVENIR BENEVOLE<\/h3><div role=\"form\" class=\"wpcf7\" id=\"wpcf7-f2876-o1\" lang=\"en-US\" dir=\"ltr\">\n<div class=\"screen-reader-response\"><p role=\"status\" aria-live=\"polite\" aria-atomic=\"true\"><\/p> <ul><\/ul><\/div>\n<form action=\"\/index.php?rest_route=%2Fwp%2Fv2%2Fpages%2F476#wpcf7-f2876-o1\" method=\"post\" class=\"wpcf7-form init\" novalidate=\"novalidate\" data-status=\"init\">\n<div style=\"display: none;\">\n<input type=\"hidden\" name=\"_wpcf7\" value=\"2876\" \/>\n<input type=\"hidden\" name=\"_wpcf7_version\" value=\"5.5.3\" \/>\n<input type=\"hidden\" name=\"_wpcf7_locale\" value=\"en_US\" \/>\n<input type=\"hidden\" name=\"_wpcf7_unit_tag\" value=\"wpcf7-f2876-o1\" \/>\n<input type=\"hidden\" name=\"_wpcf7_container_post\" value=\"0\" \/>\n<input type=\"hidden\" name=\"_wpcf7_posted_data_hash\" value=\"\" \/>\n<\/div>\n<div class=\"grop-input-col-1 grop-bvfrm_sigl\">\n<label> Nom* <\/label><span class=\"wpcf7-form-control-wrap your-name\"><input type=\"text\" name=\"your-name\" value=\"\" size=\"40\" class=\"wpcf7-form-control wpcf7-text wpcf7-validates-as-required grop-form-control\" aria-required=\"true\" aria-invalid=\"false\" \/><\/span>\n<\/div>\n<div class=\"grop-input-col-1 grop-bvfrm_sigl\">\n<label> Email* <\/label><span class=\"wpcf7-form-control-wrap your-email\"><input type=\"email\" name=\"your-email\" value=\"\" size=\"40\" class=\"wpcf7-form-control wpcf7-text wpcf7-email wpcf7-validates-as-required wpcf7-validates-as-email grop-form-control\" aria-required=\"true\" aria-invalid=\"false\" \/><\/span>\n<\/div>\n<div class=\"grop-input-col-1 grop-bvfrm_sigl\">\n<label> T\u00e9l\u00e9phone* <\/label><span class=\"wpcf7-form-control-wrap phone\"><input type=\"tel\" name=\"phone\" value=\"\" size=\"40\" class=\"wpcf7-form-control wpcf7-text wpcf7-tel wpcf7-validates-as-required wpcf7-validates-as-tel grop-form-control\" aria-required=\"true\" aria-invalid=\"false\" \/><\/span>\n<\/div>\n<div class=\"grop-input-col-1 grop-bvfrm_sigl\">\n<label> Adresse <\/label><span class=\"wpcf7-form-control-wrap your-address\"><input type=\"text\" name=\"your-address\" value=\"\" size=\"40\" class=\"wpcf7-form-control wpcf7-text wpcf7-validates-as-required grop-form-control\" aria-required=\"true\" aria-invalid=\"false\" \/><\/span>\n<\/div>\n<div class=\"grop-input-col-1 grop-bvfrm_sigl\">\n<label>Code Postal <\/label><span class=\"wpcf7-form-control-wrap your-zip\"><input type=\"text\" name=\"your-zip\" value=\"\" size=\"40\" class=\"wpcf7-form-control wpcf7-text wpcf7-validates-as-required grop-form-control\" aria-required=\"true\" aria-invalid=\"false\" \/><\/span>\n<\/div>\n<div class=\"grop-input-col-1 grop-bvfrm_sigl\">\n<label>Pays<\/label><span class=\"wpcf7-form-control-wrap your-city\"><select name=\"your-city\" class=\"wpcf7-form-control wpcf7-select grop-city_select\" aria-invalid=\"false\"><option value=\"France\">France<\/option><option value=\"Cambodge\">Cambodge<\/option><option value=\"Espagne\">Espagne<\/option><option value=\"Italie\">Italie<\/option><option value=\"USA\">USA<\/option><option value=\"Royaume-Uni\">Royaume-Uni<\/option><option value=\"Allemagne\">Allemagne<\/option><option value=\"Espagne\">Espagne<\/option><\/select><\/span>\n<\/div>\n<div class=\"grop-input-col-1 grop-bvfrm_sigl\">\n<label>Message<\/label><span class=\"wpcf7-form-control-wrap text-73\"><input type=\"text\" name=\"text-73\" value=\"\" size=\"40\" class=\"wpcf7-form-control wpcf7-text\" aria-invalid=\"false\" \/><\/span>\n<\/div>\n<div class=\"grop-input-col-1  grop-bvfrm_sigl\"><input type=\"submit\" value=\"Envoyer\" class=\"wpcf7-form-control has-spinner wpcf7-submit grop-btn grop-btn_overly grop-btn_submit\" \/>\n<\/div>\n<div class=\"wpcf7-response-output\" aria-hidden=\"true\"><\/div><\/form><\/div><\/div>[\/vc_column][\/vc_row][vc_row full_width=\u00a0\u00bbstretch_row_content_no_spaces\u00a0\u00bb overlay_dotted=\u00a0\u00bb\u00a0\u00bb css=\u00a0\u00bb.vc_custom_1523780738445{margin-top: 40px !important;margin-bottom: -50px !important;}\u00a0\u00bb][vc_column]<div class=\"grop-callout3_area  grop-parlx-6a0951be9fea1\"><div class=\"container text-center grop-callout3_cont grop-callout3faq_cont  \"><h2>Vous avez des questions ?<\/h2>\n<p>Nous sommes l\u00e0 pour r\u00e9pondre \u00e0 toutes vos interrogations concernant<br \/>\nle fait de devenir b\u00e9n\u00e9vole avec Lyli Associationet sur la vie au quotidien au Cambodge.<\/p>\n<div class=\"calout-btn\"><a class=\"grop-btn grop-btn_overly grop-cause_remor_btn grop-btn-6a0951be9ff7c-contactez-nous   vc_custom_1523780942617\" href=\"http:\/\/www.lyli-association.fr\/?page_id=576\"><span>Contactez-nous<\/span><\/a><\/div><\/div><\/div>[\/vc_column][\/vc_row]<\/p>\n","protected":false},"excerpt":{"rendered":"[vc_row overlay_dotted=\u00a0\u00bb\u00a0\u00bb css=\u00a0\u00bb.vc_custom_1507018787113{padding-top: 80px !important;padding-bottom: 20px !important;}\u00a0\u00bb][vc_column el_class=\u00a0\u00bbgrop-bvtxt_warp\u00a0\u00bb offset=\u00a0\u00bbvc_col-lg-6 vc_col-md-6&Prime;][vc_column_text el_class=\u00a0\u00bbgrop-bv_txt\u00a0\u00bb css=\u00a0\u00bb.vc_custom_1527999665216{margin-bottom: 20px !important;}\u00a0\u00bb] PARTICIPEZ AU PROJET [\/vc_column_text][\/vc_column][vc_column offset=\u00a0\u00bbvc_col-lg-6 vc_col-md-6&Prime; css=\u00a0\u00bb.vc_custom_1507018539106{padding-top: 13px !important;}\u00a0\u00bb][\/vc_column][\/vc_row][vc_row full_width=\u00a0\u00bbstretch_row_content_no_spaces\u00a0\u00bb overlay_dotted=\u00a0\u00bb\u00a0\u00bb css=\u00a0\u00bb.vc_custom_1523780738445{margin-top: 40px !important;margin-bottom: -50px !important;}\u00a0\u00bb][vc_column][\/vc_column][\/vc_row]","protected":false},"author":1,"featured_media":0,"parent":0,"menu_order":0,"comment_status":"closed","ping_status":"closed","template":"","meta":{"_exactmetrics_skip_tracking":false,"_exactmetrics_sitenote_active":false,"_exactmetrics_sitenote_note":"","_exactmetrics_sitenote_category":0,"footnotes":""},"aioseo_notices":[],"_links":{"self":[{"href":"https:\/\/www.lyli-association.fr\/index.php?rest_route=\/wp\/v2\/pages\/476"}],"collection":[{"href":"https:\/\/www.lyli-association.fr\/index.php?rest_route=\/wp\/v2\/pages"}],"about":[{"href":"https:\/\/www.lyli-association.fr\/index.php?rest_route=\/wp\/v2\/types\/page"}],"author":[{"embeddable":true,"href":"https:\/\/www.lyli-association.fr\/index.php?rest_route=\/wp\/v2\/users\/1"}],"replies":[{"embeddable":true,"href":"https:\/\/www.lyli-association.fr\/index.php?rest_route=%2Fwp%2Fv2%2Fcomments&post=476"}],"version-history":[{"count":10,"href":"https:\/\/www.lyli-association.fr\/index.php?rest_route=\/wp\/v2\/pages\/476\/revisions"}],"predecessor-version":[{"id":2919,"href":"https:\/\/www.lyli-association.fr\/index.php?rest_route=\/wp\/v2\/pages\/476\/revisions\/2919"}],"wp:attachment":[{"href":"https:\/\/www.lyli-association.fr\/index.php?rest_route=%2Fwp%2Fv2%2Fmedia&parent=476"}],"curies":[{"name":"wp","href":"https:\/\/api.w.org\/{rel}","templated":true}]}}