{"id":2724,"date":"2018-04-13T11:29:32","date_gmt":"2018-04-13T10:29:32","guid":{"rendered":"https:\/\/www.lyli-association.fr\/?page_id=2724"},"modified":"2021-12-02T16:46:10","modified_gmt":"2021-12-02T15:46:10","slug":"notre-mission-lyli","status":"publish","type":"page","link":"https:\/\/www.lyli-association.fr\/?page_id=2724","title":{"rendered":"Notre mission"},"content":{"rendered":"<p><strong>L\u2019id\u00e9e est simple : permettre aux enfants d\u2019avoir un meilleur acc\u00e8s \u00e0 l\u2019\u00e9ducation. Chaque enfant a le droit de savoir lire, \u00e9crire, compter pour choisir son avenir.<\/strong><\/p>\n<p style=\"text-align: justify;\"><span style=\"color: #ffcc00;\"><strong>Lyli Association&nbsp;<\/strong><\/span>s\u2019est engag\u00e9e \u00e0 construire l\u2019\u00e9cole de Trompeng Tim et \u00e0 mettre en place un suivi afin de garantir son bon fonctionnement.<\/p>\n<p><span style=\"color: #ffcc00;\"><strong>Lyli Association&nbsp;<\/strong><\/span>s\u2019est engag\u00e9e \u00e0 garantir un acc\u00e8s gratuit \u00e0 l\u2019\u00e9cole pour tous et sans condition, incluant les cours et l\u2019utilisation du mat\u00e9riel.<\/p>\n<p><span style=\"color: #ffcc00;\"><strong>Lyli Association&nbsp;<\/strong><\/span>s\u2019est engag\u00e9e \u00e0 subvenir aux besoins quotidiens de quatre familles, les plus d\u00e9favoris\u00e9es du village, en riz chaque mois.<\/p>\n<p style=\"text-align: justify;\"><span style=\"color: #ffcc00;\"><strong>Lyli Association&nbsp;<\/strong><\/span>s\u2019est engag\u00e9e \u00e0 ne tirer aucun b\u00e9n\u00e9fices des dons per\u00e7ues qui sont uniquement utilis\u00e9s pour payer les professeurs au quotidien.<\/p>\n<p style=\"text-align: center;\"><span style=\"color: #ffcc00;\"><strong>Nous croyons au pouvoir des enfants !<\/strong><\/span><\/p>\n","protected":false},"excerpt":{"rendered":"L\u2019id\u00e9e est simple : permettre aux enfants d\u2019avoir un meilleur acc\u00e8s \u00e0 l\u2019\u00e9ducation. Chaque enfant a le droit de savoir lire, \u00e9crire, compter pour choisir son avenir. Lyli Association&nbsp;s\u2019est engag\u00e9e \u00e0 construire l\u2019\u00e9cole de Trompeng Tim et \u00e0 mettre en place un suivi afin de garantir son bon fonctionnement. Lyli Association&nbsp;s\u2019est engag\u00e9e \u00e0 garantir un &#8230;","protected":false},"author":1,"featured_media":0,"parent":0,"menu_order":0,"comment_status":"closed","ping_status":"closed","template":"","meta":{"_exactmetrics_skip_tracking":false,"_exactmetrics_sitenote_active":false,"_exactmetrics_sitenote_note":"","_exactmetrics_sitenote_category":0,"footnotes":""},"aioseo_notices":[],"_links":{"self":[{"href":"https:\/\/www.lyli-association.fr\/index.php?rest_route=\/wp\/v2\/pages\/2724"}],"collection":[{"href":"https:\/\/www.lyli-association.fr\/index.php?rest_route=\/wp\/v2\/pages"}],"about":[{"href":"https:\/\/www.lyli-association.fr\/index.php?rest_route=\/wp\/v2\/types\/page"}],"author":[{"embeddable":true,"href":"https:\/\/www.lyli-association.fr\/index.php?rest_route=\/wp\/v2\/users\/1"}],"replies":[{"embeddable":true,"href":"https:\/\/www.lyli-association.fr\/index.php?rest_route=%2Fwp%2Fv2%2Fcomments&post=2724"}],"version-history":[{"count":11,"href":"https:\/\/www.lyli-association.fr\/index.php?rest_route=\/wp\/v2\/pages\/2724\/revisions"}],"predecessor-version":[{"id":3020,"href":"https:\/\/www.lyli-association.fr\/index.php?rest_route=\/wp\/v2\/pages\/2724\/revisions\/3020"}],"wp:attachment":[{"href":"https:\/\/www.lyli-association.fr\/index.php?rest_route=%2Fwp%2Fv2%2Fmedia&parent=2724"}],"curies":[{"name":"wp","href":"https:\/\/api.w.org\/{rel}","templated":true}]}}