{"id":2720,"date":"2018-04-13T11:28:18","date_gmt":"2018-04-13T10:28:18","guid":{"rendered":"https:\/\/www.lyli-association.fr\/?page_id=2720"},"modified":"2021-12-07T18:51:46","modified_gmt":"2021-12-07T17:51:46","slug":"objectifs-12-mois-a-venir","status":"publish","type":"page","link":"https:\/\/www.lyli-association.fr\/?page_id=2720","title":{"rendered":"OBJECTIFS 12 MOIS A VENIR"},"content":{"rendered":"<p>[vc_row overlay_dotted=\u00a0\u00bb\u00a0\u00bb css=\u00a0\u00bb.vc_custom_1523791772283{background-color: #f0c84c !important;}\u00a0\u00bb][vc_column][vc_text_separator title=\u00a0\u00bbVOICI LES ACTIONS A REALISER AVEC VOTRE AIDE AVANT FIN 2022&Prime;][vc_text_separator title=\u00a0\u00bb31000 \u20ac  est le montant des dons \u00e0 venir pour atteindre les objectifs suivants:\u00a0\u00bb][vc_column_text]<\/p>\n<p style=\"text-align: center;\"><span style=\"color: #ffffff;\">Vous souhaitez\u00a0<strong>nous aider en faisant un don<\/strong><\/span><\/p>\n<p style=\"text-align: center;\"><span style=\"color: #ffffff;\"><strong> peu importe le montant<\/strong><\/span><\/p>\n<p style=\"text-align: center;\"><span style=\"color: #ffffff;\">\u00a0aller sur la page<\/span><\/p>\n<p style=\"text-align: center;\">\u201d\u00a0<a href=\"https:\/\/www.lyli-association.fr\/?page_id=2718\">nous soutenir<\/a> \u201c<\/p>\n<p style=\"text-align: center;\">Tous les enfants et nous, vous remercions par avance.<\/p>\n<h6 style=\"text-align: center;\"><\/h6>\n<p>[\/vc_column_text][\/vc_column][\/vc_row][vc_row][vc_column width=\u00a0\u00bb1\/4&Prime;][vc_single_image image=\u00a0\u00bb2744&Prime; img_size=\u00a0\u00bbfull\u00a0\u00bb][vc_single_image image=\u00a0\u00bb905&Prime; img_size=\u00a0\u00bbfull\u00a0\u00bb][\/vc_column][vc_column width=\u00a0\u00bb3\/4&Prime;][vc_text_separator title=\u00a0\u00bbLE FOND DE ROULEMENT\u00a0\u00bb title_align=\u00a0\u00bbseparator_align_left\u00a0\u00bb][vc_column_text]+\/- 10000 \u20ac par an sont n\u00e9cessaire au fonctionnement annuel de l\u2019\u00e9cole.<\/p>\n<p>&#8211; Salaires des professeurs d\u2019anglais et d\u2019informatique<br \/>\n&#8211; Electricit\u00e9<br \/>\n&#8211; Internet<br \/>\n&#8211; Fournitures scolaires<br \/>\n&#8211; Entretien de la fosse septique<br \/>\n&#8211; Achat de pharmacie pour les besoins des enfants et quelques adultes pauvres du village<br \/>\n&#8211; Achat de tenues d\u2019\u00e9cole publique pour les enfants plus d\u00e9munis<br \/>\n&#8211; Dons de riz mensuel \u00e0 quelques familles dans la plus grande pauvret\u00e9<br \/>\n&#8211; achat et renouv\u00e8lement de mobilier scolaire<br \/>\n&#8211; Aide ponctuelle aux soins de m\u00e9decins et h\u00f4pital pour les personnes dans la pauvret\u00e9 extr\u00eame.[\/vc_column_text][\/vc_column][\/vc_row][vc_row][vc_column][vc_separator][\/vc_column][\/vc_row][vc_row][vc_column width=\u00a0\u00bb1\/4&Prime;][vc_single_image image=\u00a0\u00bb3011&Prime; img_size=\u00a0\u00bbfull\u00a0\u00bb][vc_single_image image=\u00a0\u00bb3012&Prime; img_size=\u00a0\u00bbfull\u00a0\u00bb][\/vc_column][vc_column width=\u00a0\u00bb3\/4&Prime;][vc_text_separator title=\u00a0\u00bbLES INVESTISSEMENTS\u00a0\u00bb title_align=\u00a0\u00bbseparator_align_left\u00a0\u00bb][vc_column_text]15 000 \u20ac<\/p>\n<p>Comment les fonds collect\u00e9s seront utilis\u00e9s ?<\/p>\n<p>&#8211; \u00a0L\u2019achat du mat\u00e9riel informatique : 15 ordinateurs pour r\u00e9-equiper la salle informatique<\/p>\n<p>Aujourd\u2019hui, nous avons besoin de refaire notre parc informatique avec l\u2019achat de mat\u00e9riel neuf, sur place, plus adapt\u00e9 \u00e0 nos besoins. Les enfants pourront apprendre \u00e0 faire des recherches sur internet, ma\u00eetriser le pack office et avoir des cours en ligne \u00e9tant donn\u00e9 que les volontaires ne peuvent plus venir sur place suite au Covid.<br \/>\n\u00b7\u00a0\u00a0\u00a0Entre 2016 et 2017:\u00a0 Livraison de vieux ordinateurs portable donn\u00e9s par notre entourage, 15 au total. Nous les faisons r\u00e9parer au Cambodge et ainsi ont eu lieu les premiers cours d\u2019informatique. Ces vieux ordinateurs sont tr\u00e8s vite tomb\u00e9s en panne les uns apr\u00e8s les autres.<br \/>\n2019 il n\u2019y a plus d\u2019ordinateur et donc plus de cours d\u2019informatique.<br \/>\n2020 \/2021 Les ann\u00e9es Covid. Les \u00e9coles au Cambodge sont ferm\u00e9es. Les enfants ne re\u00e7oivent aucune \u00e9ducation durant cette p\u00e9riode &#8230;..<\/p>\n<p>&#8211; Climatisation de la salle informatique<br \/>\n(pour pr\u00e9server le mat\u00e9riel car il y \u00e0 90% d&rsquo;humidit\u00e9 dans l&rsquo;air et sans la clim les composants des ordinateurs se d\u00e9t\u00e9riore tr\u00e8s vite)<\/p>\n<p>&#8211; \u00a0L\u2019entretien du parc informatique<\/p>\n<p>&#8211; La cr\u00e9ation d\u2019un mur d\u2019enceinte de l\u2019\u00e9cole pour pr\u00e9server les \u00e9coliers des nuisances alentours.<\/p>\n<p>&#8211; Construction de 2 sanitaires et 3 robinets<\/p>\n<p>&#8211; Le mat\u00e9riel, la main d\u2019\u0153uvre et autre, n\u00e9cessaire a\u0300 la r\u00e9novation des habitations insalubres\u00a0 de 4 familles extr\u00eamement pauvres[\/vc_column_text][\/vc_column][\/vc_row][vc_row][vc_column][vc_separator][\/vc_column][\/vc_row][vc_row][vc_column width=\u00a0\u00bb1\/4&Prime;][vc_single_image image=\u00a0\u00bb3013&Prime; img_size=\u00a0\u00bbfull\u00a0\u00bb][\/vc_column][vc_column width=\u00a0\u00bb3\/4&Prime;][vc_text_separator title=\u00a0\u00bbPARRAINAGE DE NOS GRANDS ECOLIERS\u00a0\u00bb title_align=\u00a0\u00bbseparator_align_left\u00a0\u00bb][vc_column_text]6000 \u20ac<\/p>\n<p>Six \u00e9coliers qui sont avec nous depuis 2014 ont grandis et sont maintenant en \u00e2ge et au niveau requis pour entrer au Lyc\u00e9e h\u00f4telier Paul Dubrule de Siem Reap.<\/p>\n<p>Ce lyc\u00e9e est parrain\u00e9 par l\u2019\u00e9cole h\u00f4teli\u00e8re de Lausanne en Suisse.<br \/>\nEtudes de haut niveau.<\/p>\n<p>Le cout du parrainage annuel est de 800\u20ac par \u00e9l\u00e8ve.<br \/>\nA cela s&rsquo;ajoute les frais d&rsquo;uniforme et de transport.<br \/>\n(budget \u00e9norme pour une famille pauvre du village)<br \/>\nSans le parrainage, ils n&rsquo;auront jamais acc\u00e8s \u00e0 ce niveau d&rsquo;\u00e9tude et notre action depuis 2014 perdrait tout son sens.[\/vc_column_text][\/vc_column][\/vc_row]<\/p>\n","protected":false},"excerpt":{"rendered":"[vc_row overlay_dotted=\u00a0\u00bb\u00a0\u00bb css=\u00a0\u00bb.vc_custom_1523791772283{background-color: #f0c84c !important;}\u00a0\u00bb][vc_column][vc_text_separator title=\u00a0\u00bbVOICI LES ACTIONS A REALISER AVEC VOTRE AIDE AVANT FIN 2022&Prime;][vc_text_separator title=\u00a0\u00bb31000 \u20ac est le montant des dons \u00e0 venir pour atteindre les objectifs suivants:\u00a0\u00bb][vc_column_text] Vous souhaitez\u00a0nous aider en faisant un don peu importe le montant \u00a0aller sur la page \u201d\u00a0nous soutenir \u201c Tous les enfants et nous, vous remercions &#8230;","protected":false},"author":1,"featured_media":0,"parent":0,"menu_order":0,"comment_status":"closed","ping_status":"closed","template":"","meta":{"_exactmetrics_skip_tracking":false,"_exactmetrics_sitenote_active":false,"_exactmetrics_sitenote_note":"","_exactmetrics_sitenote_category":0,"footnotes":""},"aioseo_notices":[],"_links":{"self":[{"href":"https:\/\/www.lyli-association.fr\/index.php?rest_route=\/wp\/v2\/pages\/2720"}],"collection":[{"href":"https:\/\/www.lyli-association.fr\/index.php?rest_route=\/wp\/v2\/pages"}],"about":[{"href":"https:\/\/www.lyli-association.fr\/index.php?rest_route=\/wp\/v2\/types\/page"}],"author":[{"embeddable":true,"href":"https:\/\/www.lyli-association.fr\/index.php?rest_route=\/wp\/v2\/users\/1"}],"replies":[{"embeddable":true,"href":"https:\/\/www.lyli-association.fr\/index.php?rest_route=%2Fwp%2Fv2%2Fcomments&post=2720"}],"version-history":[{"count":23,"href":"https:\/\/www.lyli-association.fr\/index.php?rest_route=\/wp\/v2\/pages\/2720\/revisions"}],"predecessor-version":[{"id":3039,"href":"https:\/\/www.lyli-association.fr\/index.php?rest_route=\/wp\/v2\/pages\/2720\/revisions\/3039"}],"wp:attachment":[{"href":"https:\/\/www.lyli-association.fr\/index.php?rest_route=%2Fwp%2Fv2%2Fmedia&parent=2720"}],"curies":[{"name":"wp","href":"https:\/\/api.w.org\/{rel}","templated":true}]}}