{"id":2718,"date":"2018-04-13T11:27:59","date_gmt":"2018-04-13T10:27:59","guid":{"rendered":"https:\/\/www.lyli-association.fr\/?page_id=2718"},"modified":"2021-12-07T17:21:59","modified_gmt":"2021-12-07T16:21:59","slug":"faire-un-don-lyli","status":"publish","type":"page","link":"https:\/\/www.lyli-association.fr\/?page_id=2718&lang=en","title":{"rendered":"Faire un don"},"content":{"rendered":"<p>[vc_row][vc_column width=\u00a0\u00bb1\/2&Prime;][vc_column_text]<\/p>\n<p style=\"text-align: justify;\">Lorsque l\u2019on construit une \u00e9cole, diff\u00e9rentes formes de besoins naissent autour. Frais de construction, fournitures, \u00e9lectricit\u00e9, salaires des enseignants et bien souvent dans ces r\u00e9gions, le don de riz aux familles dans la grande pauvret\u00e9 pour qu\u2019en \u00e9change elles autorisent leurs enfants \u00e0 venir \u00e0 l\u2019\u00e9cole au lieu d\u2019aller travailler dans les champs ou ailleurs \u2026..<\/p>\n<p style=\"text-align: justify;\">Chacun peut donc \u00e0 son \u00e9chelle nous aider \u00e0\u00a0 faire vivre ce projet. En donnant \u00e0 Lyli Association, c\u2019est \u00e0 ces enfants que vous donnez, c\u2019est pour faire na\u00eetre un sourire sur leur visage et leur permettre de choisir leur avenir.<\/p>\n<p>&nbsp;<\/p>\n<p style=\"text-align: left;\"><strong>Tous les dons sont revers\u00e9s directement \u00e0 la cause. Les membres de l&rsquo;association ne sont pas r\u00e9mun\u00e9r\u00e9s et leurs frais sont \u00e0 leur charge que ce soit pour le d\u00e9placement, le logement ou n&rsquo;importe quel type de d\u00e9pense. Nous pensons qu&rsquo;il est essentiel de faire preuve de transparence.<\/strong><\/p>\n<p><span style=\"color: #ffffff;\">\u00a0<\/span>[\/vc_column_text][vc_single_image image=\u00a0\u00bb2941&Prime; img_size=\u00a0\u00bbfull\u00a0\u00bb][vc_column_text]<\/p>\n<p style=\"text-align: justify;\"><strong><em>D\u00e9fiscalisation <\/em><\/strong><em>:<\/em><\/p>\n<p>La reconnaissance d\u2019int\u00e9r\u00eat g\u00e9n\u00e9ral par l\u2019\u00e9tat Fran\u00e7ais<br \/>\nde Lyli association vous permet de d\u00e9fiscaliser vos dons<\/p>\n<p>Lors de votre don via HELLOASSO<br \/>\nvous recevez automatiquement un re\u00e7u de don pour d\u00e9fiscalisation, via email.<\/p>\n<p>A titre d\u2019exemple un don de 50 euros vous co\u00fbtera en r\u00e9alit\u00e9 17 euros.[\/vc_column_text][vc_single_image image=\u00a0\u00bb525&Prime; img_size=\u00a0\u00bbfull\u00a0\u00bb][\/vc_column][vc_column width=\u00a0\u00bb1\/2&Prime;][vc_raw_html]JTNDaWZyYW1lJTIwaWQlM0QlMjJoYVdpZGdldCUyMiUyMGFsbG93dHJhbnNwYXJlbmN5JTNEJTIydHJ1ZSUyMiUyMHNyYyUzRCUyMmh0dHBzJTNBJTJGJTJGd3d3LmRvbm5lcmVubGlnbmUuZnIlMkZseWxpLWFzc29jaWF0aW9uJTJGZmFpcmUtdW4tZG9uJTIyJTIwc3R5bGUlM0QlMjJ3aWR0aCUzQTEwMCUyNSUzQmhlaWdodCUzQTIwMDBweCUzQmJvcmRlciUzQW5vbmUlM0IlMjIlMjBvbmxvYWQlM0QlMjJ3aW5kb3cuc2Nyb2xsJTI4MCUyQyUyMHRoaXMub2Zmc2V0VG9wJTI5JTIyJTNFJTNDJTJGaWZyYW1lJTNF[\/vc_raw_html][\/vc_column][\/vc_row]<\/p>\n","protected":false},"excerpt":{"rendered":"[vc_row][vc_column width=\u00a0\u00bb1\/2&Prime;][vc_column_text] Lorsque l\u2019on construit une \u00e9cole, diff\u00e9rentes formes de besoins naissent autour. Frais de construction, fournitures, \u00e9lectricit\u00e9, salaires des enseignants et bien souvent dans ces r\u00e9gions, le don de riz aux familles dans la grande pauvret\u00e9 pour qu\u2019en \u00e9change elles autorisent leurs enfants \u00e0 venir \u00e0 l\u2019\u00e9cole au lieu d\u2019aller travailler dans les champs &#8230;","protected":false},"author":1,"featured_media":0,"parent":0,"menu_order":0,"comment_status":"closed","ping_status":"closed","template":"","meta":{"_exactmetrics_skip_tracking":false,"_exactmetrics_sitenote_active":false,"_exactmetrics_sitenote_note":"","_exactmetrics_sitenote_category":0,"footnotes":""},"aioseo_notices":[],"_links":{"self":[{"href":"https:\/\/www.lyli-association.fr\/index.php?rest_route=\/wp\/v2\/pages\/2718"}],"collection":[{"href":"https:\/\/www.lyli-association.fr\/index.php?rest_route=\/wp\/v2\/pages"}],"about":[{"href":"https:\/\/www.lyli-association.fr\/index.php?rest_route=\/wp\/v2\/types\/page"}],"author":[{"embeddable":true,"href":"https:\/\/www.lyli-association.fr\/index.php?rest_route=\/wp\/v2\/users\/1"}],"replies":[{"embeddable":true,"href":"https:\/\/www.lyli-association.fr\/index.php?rest_route=%2Fwp%2Fv2%2Fcomments&post=2718"}],"version-history":[{"count":17,"href":"https:\/\/www.lyli-association.fr\/index.php?rest_route=\/wp\/v2\/pages\/2718\/revisions"}],"predecessor-version":[{"id":3035,"href":"https:\/\/www.lyli-association.fr\/index.php?rest_route=\/wp\/v2\/pages\/2718\/revisions\/3035"}],"wp:attachment":[{"href":"https:\/\/www.lyli-association.fr\/index.php?rest_route=%2Fwp%2Fv2%2Fmedia&parent=2718"}],"curies":[{"name":"wp","href":"https:\/\/api.w.org\/{rel}","templated":true}]}}