{"id":2651,"date":"2017-10-20T05:19:04","date_gmt":"2017-10-20T05:19:04","guid":{"rendered":"https:\/\/victorthemes.com\/themes\/groppe\/?page_id=2651"},"modified":"2024-02-09T03:44:36","modified_gmt":"2024-02-09T02:44:36","slug":"home-two","status":"publish","type":"page","link":"https:\/\/www.lyli-association.fr\/","title":{"rendered":"Home Two"},"content":{"rendered":"<p>[vc_row overlay_dotted=\u00a0\u00bb\u00a0\u00bb css=\u00a0\u00bb.vc_custom_1507812589324{margin-top: 0px !important;margin-bottom: 0px !important;padding-right: 0px !important;padding-left: 0px !important;}\u00a0\u00bb][vc_column width=\u00a0\u00bb1\/2&Prime; css=\u00a0\u00bb.vc_custom_1507705104971{padding-top: 0px !important;}\u00a0\u00bb]<div class=\"grop-section_text   grop-heading-6a09455da30a4   vc_custom_1669650127478 text-left\"><h2 class=\"text-uppercase grop-sctn_title_fntSz-30   grop-heading-6a09455da30a4  text-left\">A propos de Lyli school Cambodia<\/h2><\/div>[vc_column_text]Cr\u00e9\u00e9e en 2013, Lyli Association est une association non gouvernementale et \u00e0 but non lucratif. Organisation de petite taille, elle est n\u00e9e de la rencontre entre Robert et Alexa, fran\u00e7ais amoureux de l\u2019Asie du Sud-Est, et Koay, Cambodien d\u00e9sireux de guider les enfants de son village vers un avenir radieux.<\/p>\n<p>Au Cambodge, le syst\u00e8me \u00e9ducatif public conna\u00eet des lacunes et de nombreux enfants isol\u00e9s dans les villages en ont un acc\u00e8s tr\u00e8s limit\u00e9. Avec Lyli Association, nous n\u2019avons pas la pr\u00e9tention de nous substituer au syst\u00e8me en place, mais simplement d\u2019apporter un espace de vie commun au village o\u00f9 les enfants ont un acc\u00e8s \u00e0 des cours d\u2019anglais, des livres, des ordinateurs avec Internet&#8230; C\u2019est avant tout un lieu de vie, construit pour se retrouver, apprendre, jouer, grandir ! L\u2019acc\u00e8s \u00e0 \u201c Lyli School\u201d est gratuit, sans condition et seuls les enseignants sont r\u00e9mun\u00e9r\u00e9s.<\/p>\n<p style=\"text-align: left;\">L\u2019\u00e9cole est situ\u00e9e \u00e0 30 minutes du centre-ville de Siem Reap, dans le village de Trompeng Tim. Structure simple, elle consiste en un b\u00e2timent en bamboo (2 salles de classe), un en b\u00e9ton (1 salle de classe et 1 salle \u00e9quip\u00e9e d\u2019ordinateurs) ainsi que 2 bungalows ; un pour la famille de Koay et \u00a0un autre pour accueillir les volontaires. Ce que nous souhaitons avec ce projet, c\u2019est voir les enfants s\u2019\u00e9panouir, voir les adultes prendre le relais d\u2019un syst\u00e8me insuffisant pour que ces enfants aient le choix de leur avenir, sans transformer leur identit\u00e9. Il est question ici d\u2019entraide et de partage car tout enfant a le droit d\u2019avoir des r\u00eaves et de les accomplir !<\/p>\n<p>[\/vc_column_text]      <div class=\"grop-fix  grop-stryabtus_cnter_warp\">\n        <div class=\"text-center text-uppercase   grop-float_left  grop-stryabtus_box_single col-3\">\n          <div class=\"grop-stryabtus_box_txt\">\n            <h5>FAMILLES SOUTENUES AUJOURD'HUI<\/h5>\n            <h2 class=\"grop-stryabtus_counter\">\n              <span class=\"grop-conter\">5<\/span>\n            <\/h2>\n          <\/div>\n        <\/div><div class=\"text-center text-uppercase   grop-float_left  grop-stryabtus_box_single col-3\">\n          <div class=\"grop-stryabtus_box_txt\">\n            <h5>ENFANTS ACTUELLEMENT SCOLARISES<\/h5>\n            <h2 class=\"grop-stryabtus_counter\">\n              <span class=\"grop-conter\">50<\/span>\n            <\/h2>\n          <\/div>\n        <\/div><div class=\"text-center text-uppercase   grop-float_left  grop-stryabtus_box_single col-3\">\n          <div class=\"grop-stryabtus_box_txt\">\n            <h5>ENFANTS BENEFICIAIRES DEPUIS 2013<\/h5>\n            <h2 class=\"grop-stryabtus_counter\">\n              <span class=\"grop-conter\">115<\/span>+\n            <\/h2>\n          <\/div>\n        <\/div>      <\/div>\n  [\/vc_column][vc_column width=\u00a0\u00bb1\/2&Prime;][vc_single_image image=\u00a0\u00bb174&Prime; img_size=\u00a0\u00bbfull\u00a0\u00bb][\/vc_column][\/vc_row][vc_row full_width=\u00a0\u00bbstretch_row_content_no_spaces\u00a0\u00bb overlay_dotted=\u00a0\u00bb\u00a0\u00bb css=\u00a0\u00bb.vc_custom_1506574086359{margin-bottom: 130px !important;}\u00a0\u00bb][vc_column]     <div class=\"grop-callout2_warp\">\n      <div class=\"con-class container  grop-service-6a09455da310b\">\n        <div class=\"row grop-callout2_row\">\n                      <div class=\"grop-callout2_single_warp col-md-4 col-sm-4\">\n              <div class=\"grop-callout2_single\">\n                                  <div class=\"grop-float_left  grop-callout2_icon\">\n                    <img decoding=\"async\" src=\"https:\/\/www.lyli-association.fr\/wp-content\/uploads\/2018\/04\/1-2.png\" alt=\"\" \/>\n                  <\/div>\n                                <div class=\"grop-fix grop-callout2_text\">\n                  <h3><a href=\"http:\/\/www.lyli-association.fr\/?page_id=2718\" >Faire un don<\/a><\/h3><p>Contribuer \u00e0 faire vivre le projet<\/p>                <\/div><!--\/end-->\n              <\/div>\n            <\/div>\n                      <div class=\"grop-callout2_single_warp col-md-4 col-sm-4\">\n              <div class=\"grop-callout2_single\">\n                                  <div class=\"grop-float_left  grop-callout2_icon\">\n                    <img decoding=\"async\" src=\"https:\/\/www.lyli-association.fr\/wp-content\/uploads\/2017\/01\/callout-icon.png\" alt=\"\" \/>\n                  <\/div>\n                                <div class=\"grop-fix grop-callout2_text\">\n                  <h3><a href=\"http:\/\/www.lyli-association.fr\/?page_id=2719\" >Devenir volontaire<\/a><\/h3><p>Donner de son temps et partager son savoir<\/p>                <\/div><!--\/end-->\n              <\/div>\n            <\/div>\n                      <div class=\"grop-callout2_single_warp col-md-4 col-sm-4 col-sm-offset-0  col-md-offset-0\">\n              <div class=\"grop-callout2_single\">\n                                  <div class=\"grop-float_left  grop-callout2_icon\">\n                    <img decoding=\"async\" src=\"https:\/\/www.lyli-association.fr\/wp-content\/uploads\/2017\/01\/logo-one.png\" alt=\"\" \/>\n                  <\/div>\n                                <div class=\"grop-fix grop-callout2_text\">\n                  <h3><a href=\"http:\/\/www.lyli-association.fr\/?page_id=2720\" >S'impliquer<\/a><\/h3><p>Agir avec nous ici ou ailleurs<\/p>                <\/div><!--\/end-->\n              <\/div>\n            <\/div>\n          \n        <\/div>\n      <\/div>\n    <\/div>\n[\/vc_column][\/vc_row][vc_row full_width=\u00a0\u00bbstretch_row_content_no_spaces\u00a0\u00bb overlay_dotted=\u00a0\u00bb\u00a0\u00bb css=\u00a0\u00bb.vc_custom_1523769397766{margin-top: -130px !important;margin-bottom: -90px !important;}\u00a0\u00bb][vc_column css=\u00a0\u00bb.vc_custom_1505390415025{padding-top: 0px !important;}\u00a0\u00bb][\/vc_column][\/vc_row][vc_row full_width=\u00a0\u00bbstretch_row_content_no_spaces\u00a0\u00bb equal_height=\u00a0\u00bbyes\u00a0\u00bb content_placement=\u00a0\u00bbmiddle\u00a0\u00bb overlay_dotted=\u00a0\u00bb\u00a0\u00bb css=\u00a0\u00bb.vc_custom_1507721834648{padding-top: 100px !important;padding-bottom: 94px !important;}\u00a0\u00bb][vc_column css=\u00a0\u00bb.vc_custom_1523673992808{padding-right: 0px !important;padding-left: 0px !important;background-image: url(https:\/\/www.lyli-association.fr\/wp-content\/uploads\/2018\/04\/22405554_1976387252627023_8740405528510287601_n.jpg?id=2762) !important;background-position: center !important;background-repeat: no-repeat !important;background-size: cover !important;}\u00a0\u00bb offset=\u00a0\u00bbvc_col-lg-6 vc_col-md-6&Prime;][vc_empty_space height=\u00a0\u00bb250px\u00a0\u00bb][\/vc_column][vc_column css=\u00a0\u00bb.vc_custom_1507722926535{padding-top: 10% !important;padding-right: 5% !important;padding-bottom: 10% !important;padding-left: 10% !important;background-color: #f6f6f6 !important;}\u00a0\u00bb offset=\u00a0\u00bbvc_col-lg-6 vc_col-md-6&Prime;]<div class=\"grop-section_text   grop-heading-6a09455da3ad8   text-left\"><h2 class=\"text-uppercase grop-sctn_title_fntSz-30   grop-heading-6a09455da3ad8  text-left\">Devenir volontaire<\/h2><\/div><div class=\"grop-txt-blck  grop-txt-block-6a09455da3af4-16-333333  vc_custom_1527996341103 text-left\">Sur place ou depuis chez vous, en donnant de votre temps <\/div><p class=\"grop-txt-blck  grop-txt-block-6a09455da3b07-15-777777  text-left\"><\/p><div class=\"calout-btn\"><a class=\"grop-btn grop-btn_overly grop-cause_remor_btn grop-btn-6a09455da3b57-rejoignez-nous   vc_custom_1523674243484\" href=\"http:\/\/www.lyli-association.fr\/?page_id=2719\"><span>Rejoignez-nous<\/span><\/a><\/div>[\/vc_column][\/vc_row][vc_row][vc_column][vc_separator color=\u00a0\u00bbwhite\u00a0\u00bb][\/vc_column][\/vc_row]<\/p>\n","protected":false},"excerpt":{"rendered":"[vc_row overlay_dotted=\u00a0\u00bb\u00a0\u00bb css=\u00a0\u00bb.vc_custom_1507812589324{margin-top: 0px !important;margin-bottom: 0px !important;padding-right: 0px !important;padding-left: 0px !important;}\u00a0\u00bb][vc_column width=\u00a0\u00bb1\/2&Prime; css=\u00a0\u00bb.vc_custom_1507705104971{padding-top: 0px !important;}\u00a0\u00bb][vc_column_text]Cr\u00e9\u00e9e en 2013, Lyli Association est une association non gouvernementale et \u00e0 but non lucratif. Organisation de petite taille, elle est n\u00e9e de la rencontre entre Robert et Alexa, fran\u00e7ais amoureux de l\u2019Asie du Sud-Est, et Koay, Cambodien d\u00e9sireux de guider &#8230;","protected":false},"author":1,"featured_media":0,"parent":0,"menu_order":0,"comment_status":"closed","ping_status":"closed","template":"","meta":{"_exactmetrics_skip_tracking":false,"_exactmetrics_sitenote_active":false,"_exactmetrics_sitenote_note":"","_exactmetrics_sitenote_category":0,"footnotes":""},"aioseo_notices":[],"_links":{"self":[{"href":"https:\/\/www.lyli-association.fr\/index.php?rest_route=\/wp\/v2\/pages\/2651"}],"collection":[{"href":"https:\/\/www.lyli-association.fr\/index.php?rest_route=\/wp\/v2\/pages"}],"about":[{"href":"https:\/\/www.lyli-association.fr\/index.php?rest_route=\/wp\/v2\/types\/page"}],"author":[{"embeddable":true,"href":"https:\/\/www.lyli-association.fr\/index.php?rest_route=\/wp\/v2\/users\/1"}],"replies":[{"embeddable":true,"href":"https:\/\/www.lyli-association.fr\/index.php?rest_route=%2Fwp%2Fv2%2Fcomments&post=2651"}],"version-history":[{"count":30,"href":"https:\/\/www.lyli-association.fr\/index.php?rest_route=\/wp\/v2\/pages\/2651\/revisions"}],"predecessor-version":[{"id":3063,"href":"https:\/\/www.lyli-association.fr\/index.php?rest_route=\/wp\/v2\/pages\/2651\/revisions\/3063"}],"wp:attachment":[{"href":"https:\/\/www.lyli-association.fr\/index.php?rest_route=%2Fwp%2Fv2%2Fmedia&parent=2651"}],"curies":[{"name":"wp","href":"https:\/\/api.w.org\/{rel}","templated":true}]}}