{"id":19,"date":"2014-05-09T14:50:38","date_gmt":"2014-05-09T13:50:38","guid":{"rendered":"https:\/\/www.lyli-association.fr\/?page_id=19"},"modified":"2019-10-01T18:34:47","modified_gmt":"2019-10-01T17:34:47","slug":"les-amis-de-lyli","status":"publish","type":"page","link":"https:\/\/www.lyli-association.fr\/?page_id=19","title":{"rendered":"Les amis de l&rsquo;Association"},"content":{"rendered":"<p>[vc_row overlay_dotted=\u00a0\u00bb\u00a0\u00bb css=\u00a0\u00bb.vc_custom_1523772744217{background-color: #f0c84c !important;}\u00a0\u00bb][vc_column][vc_column_text]<\/p>\n<h2 style=\"text-align: center;\"><span style=\"color: #ffffff;\">Parce qu\u2019une belle aventure ne se fait jamais seule,\u00a0Un Village, Une \u00e9cole par\u00a0Lyli Association<br \/>\nvous pr\u00e9sente\u00a0les belles rencontres qui ont permis ce projet.<\/span><\/h2>\n<p>[\/vc_column_text][\/vc_column][\/vc_row][vc_row overlay_dotted=\u00a0\u00bb\u00a0\u00bb][vc_column width=\u00a0\u00bb1\/4&Prime;][vc_single_image image=\u00a0\u00bb2920&Prime; img_size=\u00a0\u00bbmedium\u00a0\u00bb][\/vc_column][vc_column width=\u00a0\u00bb3\/4&Prime;]<div class=\"grop-section_text   grop-heading-6a0951bee1473   text-left\"><div class=\"text-uppercase grop-sctn_title_fntSz-30   grop-heading-6a0951bee1473  text-left\">David<\/div><\/div><div class=\"grop-txt-blck  grop-txt-block-6a0951bee14a8  text-left\">Fran\u00e7ais au grand coeur et passionn\u00e9 de photos, il a fait de nombreux visites \u00e0 l\u2019\u00e9cole de Trompeng Tim. Il a de lui m\u00eame mis en place des projets ludiques : tour du village pour offrir des portraits des familles, \u00e9changes \u00e9pistolaires entre \u00e9coles primaires en Alsace et Trompeng Tim, ainsi que de nombreux dons en termes de jeux, mat\u00e9riels scolaires et v\u00eatements.<\/div>[\/vc_column][\/vc_row][vc_row overlay_dotted=\u00a0\u00bb\u00a0\u00bb][vc_column width=\u00a0\u00bb1\/4&Prime;][vc_single_image image=\u00a0\u00bb198&Prime; img_size=\u00a0\u00bbmedium\u00a0\u00bb][\/vc_column][vc_column width=\u00a0\u00bb3\/4&Prime;]<div class=\"grop-section_text   grop-heading-6a0951bee14bf   text-left\"><div class=\"text-uppercase grop-sctn_title_fntSz-30   grop-heading-6a0951bee14bf  text-left\">BABETTE DE BROUWERE <\/div><\/div><div class=\"grop-txt-blck  grop-txt-block-6a0951bee14d8  text-left\">Comment ne pas parler de l\u2019\u00e9quipe de Cambobas, de sa fondatrice Babette De Brouwere et de son acolyte Chato. Une \u00e9quipe formidable qui agit dans la ville de Kampot au Sud du Cambodge. Depuis six ans, Babette se donne corps et \u00e2mes pour ces enfants qui vivent dans la mis\u00e8re. Elle a cr\u00e9\u00e9 une \u00e9cole d\u2019anglais dont les cours commencent apr\u00e8s ceux de l\u2019\u00e9cole publique. Si elle enseigne l\u2019anglais, elle soutient \u00e9galement les \u00e9l\u00e8ves et leurs familles. Construction de l\u2019\u00e9cole, nourriture pour les enfants, suivi et soutient pour ceux qui vont \u00e0 l\u2019universit\u00e9 et activit\u00e9s extrascolaires. Si elle leur apprend les rudiments de l\u2019anglais, elle a aussi permis \u00e0 ces enfants de voir la mer pour la premi\u00e8re fois, de prendre des cours de danse avec des professionnels reconnus et surtout, elle leur donne confiance en eux et en leurs capacit\u00e9s! N\u2019h\u00e9sitez pas \u00e0 visiter leur site ici.<\/div>[\/vc_column][\/vc_row][vc_row overlay_dotted=\u00a0\u00bb\u00a0\u00bb][vc_column width=\u00a0\u00bb1\/4&Prime;][vc_single_image image=\u00a0\u00bb223&Prime; img_size=\u00a0\u00bbmedium\u00a0\u00bb][\/vc_column][vc_column width=\u00a0\u00bb3\/4&Prime;]<div class=\"grop-section_text   grop-heading-6a0951bee14ea   text-left\"><div class=\"text-uppercase grop-sctn_title_fntSz-30   grop-heading-6a0951bee14ea  text-left\">Ban Huey Hang<\/div><\/div><div class=\"grop-txt-blck  grop-txt-block-6a0951bee14ff  text-left\">Il s\u2019agit d\u2019une petite \u00e9cole dans les montagnes du Nord de la Tha\u00eflande. Elle doit son succ\u00e8s \u00e0 son directeur Pimook, qui consacre tout son temps \u00e0 son bon fonctionnement. Heureusement il n\u2019est pas seul, une formidable \u00e9quipe d\u2019enseignants se d\u00e9m\u00e8nent et de g\u00e9n\u00e9reux donateurs priv\u00e9s subventionnent l\u2019\u00e9cole depuis des ann\u00e9es. Perch\u00e9e dans les montagnes \u00e0 la fronti\u00e8re Birmane elle accueille environ 100 enfants qui dorment \u00e9galement sur place. Si la plupart sont aim\u00e9s de leur famille, ils sont tous issus de communaut\u00e9s pauvres et minoritaires dont le reste du pays fait peu cas. Un exemple de r\u00e9ussite et un espoir pour ces enfants.<\/div>[\/vc_column][\/vc_row][vc_row overlay_dotted=\u00a0\u00bb\u00a0\u00bb][vc_column width=\u00a0\u00bb1\/4&Prime;][vc_single_image image=\u00a0\u00bb199&Prime; img_size=\u00a0\u00bbmedium\u00a0\u00bb][\/vc_column][vc_column width=\u00a0\u00bb3\/4&Prime;]<div class=\"grop-section_text   grop-heading-6a0951bee1512   text-left\"><div class=\"text-uppercase grop-sctn_title_fntSz-30   grop-heading-6a0951bee1512  text-left\">Serge Isra\u00ebl et sa petite famille<\/div><\/div><div class=\"grop-txt-blck  grop-txt-block-6a0951bee1524  text-left\">Amoureux de la Tha\u00eflande et particuli\u00e8rement du Nord du pays, Serge, Pong et leurs deux filles m\u00e8nent une vie tranquille et tourn\u00e9e vers les autres \u00e0 Chiang Mai. Ils font partie du conseil d\u2019administration de l\u2019\u00e9cole de Ban Huey Hang et en sont des parrains actifs qui assurent et d\u00e9fendent les besoins de ces enfants.<\/div>[\/vc_column][\/vc_row][vc_row overlay_dotted=\u00a0\u00bb\u00a0\u00bb][vc_column width=\u00a0\u00bb1\/4&Prime;][vc_single_image image=\u00a0\u00bb200&Prime; img_size=\u00a0\u00bbmedium\u00a0\u00bb][\/vc_column][vc_column width=\u00a0\u00bb3\/4&Prime;]<div class=\"grop-section_text   grop-heading-6a0951bee1530   text-left\"><div class=\"text-uppercase grop-sctn_title_fntSz-30   grop-heading-6a0951bee1530  text-left\">Voyageur Asie Obeo<\/div><\/div><div class=\"grop-txt-blck  grop-txt-block-6a0951bee153d  text-left\">Altruiste et marseillais au coeur tendre il vit en Tha\u00eflande depuis de nombreuses ann\u00e9es et a d\u00e9cid\u00e9 de r\u00e9diger un blog sur son aventure l\u00e0-bas. Simple et instructif ce site nous parle de ce pays vu de l\u2019int\u00e9rieur et avec une grande sensibilit\u00e9. Jugez par vous m\u00eame en cliquant ici.<\/div>[\/vc_column][\/vc_row][vc_row overlay_dotted=\u00a0\u00bb\u00a0\u00bb][vc_column width=\u00a0\u00bb1\/4&Prime;][vc_single_image image=\u00a0\u00bb2862&Prime; img_size=\u00a0\u00bbmedium\u00a0\u00bb][\/vc_column][vc_column width=\u00a0\u00bb3\/4&Prime;]<div class=\"grop-section_text   grop-heading-6a0951bee1548   text-left\"><div class=\"text-uppercase grop-sctn_title_fntSz-30   grop-heading-6a0951bee1548  text-left\">Romain Lovisi <\/div><\/div><div class=\"grop-txt-blck  grop-txt-block-6a0951bee1555  text-left\">Passionn\u00e9 de photographie, de voyage et de cin\u00e9ma, Romain a \u00e9t\u00e9 d\u2019une aide pr\u00e9cieuse pour la cr\u00e9ation de notre propre site. Sensible \u00e0 notre projet, il a accept\u00e9 de nous donner un coup de pouce chez Lyli Association. Cyclotouriste sur les routes du monde depuis mars 2017, vous pouvez suivre son aventure sur son blog (www.levoyagedekiki.fr) !<\/div>[\/vc_column][\/vc_row][vc_row overlay_dotted=\u00a0\u00bb\u00a0\u00bb][vc_column width=\u00a0\u00bb1\/4&Prime;][vc_single_image image=\u00a0\u00bb2931&Prime; img_size=\u00a0\u00bbmedium\u00a0\u00bb][\/vc_column][vc_column width=\u00a0\u00bb3\/4&Prime;]<div class=\"grop-section_text   grop-heading-6a0951bee1560   text-left\"><div class=\"text-uppercase grop-sctn_title_fntSz-30   grop-heading-6a0951bee1560  text-left\">Maryvonne Ivanez<\/div><\/div><div class=\"grop-txt-blck  grop-txt-block-6a0951bee156c  text-left\">Engag\u00e9e pour les enfants depuis plusieurs ann\u00e9es, Maryvonne a particip\u00e9 \u00e0 des projets de parrainage, cr\u00e9\u00e9 une association en Asie et poursuit aujourd\u2019hui ces projets en Am\u00e9rique du Sud. Humaine et g\u00e9n\u00e9reuse, elle souhaite avant tout apporter un peu d\u2019espoir et de r\u00e9confort \u00e0 ces enfants qui souffrent dans de nombreuses r\u00e9gions du monde.<\/div>[\/vc_column][\/vc_row][vc_row overlay_dotted=\u00a0\u00bb\u00a0\u00bb][vc_column width=\u00a0\u00bb1\/4&Prime;][vc_single_image image=\u00a0\u00bb619&Prime; img_size=\u00a0\u00bbmedium\u00a0\u00bb][\/vc_column][vc_column width=\u00a0\u00bb3\/4&Prime;]<div class=\"grop-section_text   grop-heading-6a0951bee1578   text-left\"><div class=\"text-uppercase grop-sctn_title_fntSz-30   grop-heading-6a0951bee1578  text-left\">Pharmacie de l\u2019Esterel \u2013 Agay<\/div><\/div><div class=\"grop-txt-blck  grop-txt-block-6a0951bee159d  text-left\">85 Boulevard de la Plage, 83530 Agay, France +33 (0)4 94 82 00 28<br \/>\nMerci \u00e0 Yann et toute son \u00e9quipe pour leur g\u00e9n\u00e9rosit\u00e9 et l\u2019aide en m\u00e9dicaments offerts pour donner les premiers soins et soulager les premi\u00e8res douleurs des enfants de l\u2019\u00e9cole et des leurs familles.<\/div>[\/vc_column][\/vc_row][vc_row overlay_dotted=\u00a0\u00bb\u00a0\u00bb][vc_column width=\u00a0\u00bb1\/4&Prime;][vc_single_image image=\u00a0\u00bb2930&Prime; img_size=\u00a0\u00bbmedium\u00a0\u00bb][\/vc_column][vc_column width=\u00a0\u00bb3\/4&Prime;]<div class=\"grop-section_text   grop-heading-6a0951bee15ac   text-left\"><div class=\"text-uppercase grop-sctn_title_fntSz-30   grop-heading-6a0951bee15ac  text-left\">Ir\u00e8ne &amp; Guido<\/div><\/div><div class=\"grop-txt-blck  grop-txt-block-6a0951bee15c9  text-left\">Deux amoureux des grandes causes, sans jamais s\u2019\u00eatre rendue \u00e0 l\u2019\u00e9cole, ce couple italien nous a donn\u00e9 leur confiance et a organis\u00e9 des collectes de dons et des soir\u00e9es de charit\u00e9 pour nous aider.<\/div>[\/vc_column][\/vc_row]<\/p>\n","protected":false},"excerpt":{"rendered":"[vc_row overlay_dotted=\u00a0\u00bb\u00a0\u00bb css=\u00a0\u00bb.vc_custom_1523772744217{background-color: #f0c84c !important;}\u00a0\u00bb][vc_column][vc_column_text] Parce qu\u2019une belle aventure ne se fait jamais seule,\u00a0Un Village, Une \u00e9cole par\u00a0Lyli Association vous pr\u00e9sente\u00a0les belles rencontres qui ont permis ce projet. [\/vc_column_text][\/vc_column][\/vc_row][vc_row overlay_dotted=\u00a0\u00bb\u00a0\u00bb][vc_column width=\u00a0\u00bb1\/4&Prime;][vc_single_image image=\u00a0\u00bb2920&Prime; img_size=\u00a0\u00bbmedium\u00a0\u00bb][\/vc_column][vc_column width=\u00a0\u00bb3\/4&Prime;][\/vc_column][\/vc_row][vc_row overlay_dotted=\u00a0\u00bb\u00a0\u00bb][vc_column width=\u00a0\u00bb1\/4&Prime;][vc_single_image image=\u00a0\u00bb198&Prime; img_size=\u00a0\u00bbmedium\u00a0\u00bb][\/vc_column][vc_column width=\u00a0\u00bb3\/4&Prime;][\/vc_column][\/vc_row][vc_row overlay_dotted=\u00a0\u00bb\u00a0\u00bb][vc_column width=\u00a0\u00bb1\/4&Prime;][vc_single_image image=\u00a0\u00bb223&Prime; img_size=\u00a0\u00bbmedium\u00a0\u00bb][\/vc_column][vc_column width=\u00a0\u00bb3\/4&Prime;][\/vc_column][\/vc_row][vc_row overlay_dotted=\u00a0\u00bb\u00a0\u00bb][vc_column width=\u00a0\u00bb1\/4&Prime;][vc_single_image image=\u00a0\u00bb199&Prime; img_size=\u00a0\u00bbmedium\u00a0\u00bb][\/vc_column][vc_column width=\u00a0\u00bb3\/4&Prime;][\/vc_column][\/vc_row][vc_row overlay_dotted=\u00a0\u00bb\u00a0\u00bb][vc_column width=\u00a0\u00bb1\/4&Prime;][vc_single_image image=\u00a0\u00bb200&Prime; img_size=\u00a0\u00bbmedium\u00a0\u00bb][\/vc_column][vc_column width=\u00a0\u00bb3\/4&Prime;][\/vc_column][\/vc_row][vc_row overlay_dotted=\u00a0\u00bb\u00a0\u00bb][vc_column &#8230;","protected":false},"author":1,"featured_media":0,"parent":0,"menu_order":3,"comment_status":"closed","ping_status":"open","template":"","meta":{"_exactmetrics_skip_tracking":false,"_exactmetrics_sitenote_active":false,"_exactmetrics_sitenote_note":"","_exactmetrics_sitenote_category":0,"footnotes":""},"aioseo_notices":[],"_links":{"self":[{"href":"https:\/\/www.lyli-association.fr\/index.php?rest_route=\/wp\/v2\/pages\/19"}],"collection":[{"href":"https:\/\/www.lyli-association.fr\/index.php?rest_route=\/wp\/v2\/pages"}],"about":[{"href":"https:\/\/www.lyli-association.fr\/index.php?rest_route=\/wp\/v2\/types\/page"}],"author":[{"embeddable":true,"href":"https:\/\/www.lyli-association.fr\/index.php?rest_route=\/wp\/v2\/users\/1"}],"replies":[{"embeddable":true,"href":"https:\/\/www.lyli-association.fr\/index.php?rest_route=%2Fwp%2Fv2%2Fcomments&post=19"}],"version-history":[{"count":43,"href":"https:\/\/www.lyli-association.fr\/index.php?rest_route=\/wp\/v2\/pages\/19\/revisions"}],"predecessor-version":[{"id":2932,"href":"https:\/\/www.lyli-association.fr\/index.php?rest_route=\/wp\/v2\/pages\/19\/revisions\/2932"}],"wp:attachment":[{"href":"https:\/\/www.lyli-association.fr\/index.php?rest_route=%2Fwp%2Fv2%2Fmedia&parent=19"}],"curies":[{"name":"wp","href":"https:\/\/api.w.org\/{rel}","templated":true}]}}