{"id":18,"date":"2014-05-09T14:50:10","date_gmt":"2014-05-09T13:50:10","guid":{"rendered":"https:\/\/www.lyli-association.fr\/?page_id=18"},"modified":"2021-12-02T17:48:58","modified_gmt":"2021-12-02T16:48:58","slug":"lequipe","status":"publish","type":"page","link":"https:\/\/www.lyli-association.fr\/?page_id=18","title":{"rendered":"L&rsquo;\u00e9quipe"},"content":{"rendered":"<p>[vc_row][vc_column width=\u00a0\u00bb1\/2&Prime;][vc_single_image image=\u00a0\u00bb250&Prime; img_size=\u00a0\u00bbfull\u00a0\u00bb alignment=\u00a0\u00bbcenter\u00a0\u00bb][\/vc_column][vc_column width=\u00a0\u00bb1\/2&Prime;][vc_column_text]\u00c0 la base du projet nous avons Robert Gasnier, Alexa Loreiller-Martinez et Koay Chhuon. Les deux premiers sont fran\u00e7ais avec le m\u00eame attachement pour l\u2019Asie du Sud-Est et un \u00e9norme coup de coeur pour la familles de Koay et le village de Trompeng Tim.<\/p>\n<p>Koay est Cambodgien, et apr\u00e8s de nombreux faux espoirs il a enfin trouv\u00e9 les partenaires pour realiser son r\u00eave : une \u00e9cole, un lieu de vie pour le village, pour que les enfants puissent avoir un meilleur acc\u00e8s \u00e0 l\u2019anglais et &nbsp;\u00e0 l\u2019informatique.<\/p>\n<p>Tous les trois sont donc \u00e0 l\u2019origine de ce projet depuis 2013 et sont heureux de voir leur \u00e9quipe grandir alors n\u2019h\u00e9sitez pas![\/vc_column_text][\/vc_column][\/vc_row][vc_row overlay_dotted=\u00a0\u00bb\u00a0\u00bb css=\u00a0\u00bb.vc_custom_1523717929234{background-color: #f0c84c !important;}\u00a0\u00bb][vc_column][vc_column_text]<\/p>\n<h2 style=\"text-align: center;\"><span style=\"color: #ffffff;\">Un village, Une \u00e9cole par&nbsp;Lyli Association, c\u2019est une \u00e9quipe \u00e0 la base du projet,&nbsp;<\/span><\/h2>\n<h2 style=\"text-align: center;\"><span style=\"color: #ffffff;\">des collaborateurs sur place en charge du bon fonctionnement de l\u2019\u00e9cole,&nbsp;<\/span><\/h2>\n<h2 style=\"text-align: center;\"><span style=\"color: #ffffff;\">des enseignants et des b\u00e9n\u00e9voles.<\/span><\/h2>\n<p>[\/vc_column_text][\/vc_column][\/vc_row][vc_row][vc_column][vc_separator style=\u00a0\u00bbdashed\u00a0\u00bb css=\u00a0\u00bb.vc_custom_1523717379582{padding-top: 15px !important;padding-bottom: 15px !important;}\u00a0\u00bb]<div class=\"grop-section_text   grop-heading-6a0951b40345f   vc_custom_1523717320663 text-center\"><div class=\"text-uppercase grop-sctn_title_fntSz-30   grop-heading-6a0951b40345f  text-center\">Notre \u00e9quipe<\/div><\/div>    <div class=\"grop-team  grop-team-6a0951b403496\"> <!-- team Starts -->\n      <div class=\"container\" style=\"width: 100%;\">\n        <div class=\"row\">\n                    <div class=\"grop-team-single-item col-md-4 col-sm-6 col-xs-6\">\n                            <div class=\"grop-vltrs_peple_sngle_intro  grop-tm_dr\">\n                <!--Volunteers people media image start \\-->\n                <div class=\"grop-vltrs_peple_media\">\n                  <div class=\"text-uppercase  grop-vltrs_peple_intro\">Fondateur<\/div>                  <a href=\"https:\/\/www.lyli-association.fr\/?team=robert-gasnier\"><img decoding=\"async\" src=\"https:\/\/www.lyli-association.fr\/wp-content\/uploads\/2018\/04\/robert-profil-370x310.jpg\" alt=\"\" \/><\/a>\n                <\/div><!--\/Volunteers people media end-->\n                <!--Volunteers people text start \\-->\n                <div class=\"grop-vltrs_peple_cont_warp\">\n                  <!--Volunteers people intro text start \\-->\n                  <div class=\"grop-vltrs_peple_intro_txt\">\n                    <h4><a href=\"https:\/\/www.lyli-association.fr\/?team=robert-gasnier\">Robert Gasnier<\/a><\/h4>                    <p>\n                      Fondateur\u00a0et pr\u00e9sident de l\u2019association, il souhaitait depuis longtemps entreprendre un projet humanitaire                    <\/p>\n                  <\/div><!--\/end-->\n                  <!--Social  warp start \\-->\n                  <div class=\"grop-fix grop-vltrs_peple_social_warp\">\n                    <!--title text start \\-->\n                    <h5 class=\"text-left  col-xs-6 grop-vltrs_peple_scil_title\">Meet Me On:<\/h5><!--\/end-->\n                    <!--Social  start \\-->\n                    <div class=\"col-xs-6  vltrs_peple_social\">\n                      <ul class=\"list-inline text-right\">\n                                            <\/ul>\n                    <\/div><!--\/end-->\n                  <\/div><!--\/Social  warp end-->\n                  \n                <\/div><!--\/Volunteers people media end-->\n                \n              <\/div>\n\n                          <\/div><!--\/Volunteers people single intro end-->\n                        <div class=\"grop-team-single-item col-md-4 col-sm-6 col-xs-6\">\n                            <div class=\"grop-vltrs_peple_sngle_intro  grop-tm_dr\">\n                <!--Volunteers people media image start \\-->\n                <div class=\"grop-vltrs_peple_media\">\n                  <div class=\"text-uppercase  grop-vltrs_peple_intro\">Co-fondatrice<\/div>                  <a href=\"https:\/\/www.lyli-association.fr\/?team=alexa-loreiller-martinez\"><img decoding=\"async\" src=\"https:\/\/www.lyli-association.fr\/wp-content\/uploads\/2018\/04\/alexa-profil-370x310.jpg\" alt=\"\" \/><\/a>\n                <\/div><!--\/Volunteers people media end-->\n                <!--Volunteers people text start \\-->\n                <div class=\"grop-vltrs_peple_cont_warp\">\n                  <!--Volunteers people intro text start \\-->\n                  <div class=\"grop-vltrs_peple_intro_txt\">\n                    <h4><a href=\"https:\/\/www.lyli-association.fr\/?team=alexa-loreiller-martinez\">Alexa Loreiller-Martinez<\/a><\/h4>                    <p>\n                      Co-fondatrice et secr\u00e9taire g\u00e9n\u00e9rale, elle est en charge de superviser le projet                    <\/p>\n                  <\/div><!--\/end-->\n                  <!--Social  warp start \\-->\n                  <div class=\"grop-fix grop-vltrs_peple_social_warp\">\n                    <!--title text start \\-->\n                    <h5 class=\"text-left  col-xs-6 grop-vltrs_peple_scil_title\">Meet Me On:<\/h5><!--\/end-->\n                    <!--Social  start \\-->\n                    <div class=\"col-xs-6  vltrs_peple_social\">\n                      <ul class=\"list-inline text-right\">\n                                            <\/ul>\n                    <\/div><!--\/end-->\n                  <\/div><!--\/Social  warp end-->\n                  \n                <\/div><!--\/Volunteers people media end-->\n                \n              <\/div>\n\n                          <\/div><!--\/Volunteers people single intro end-->\n                        <div class=\"grop-team-single-item col-md-4 col-sm-6 col-xs-6\">\n                            <div class=\"grop-vltrs_peple_sngle_intro  grop-tm_dr\">\n                <!--Volunteers people media image start \\-->\n                <div class=\"grop-vltrs_peple_media\">\n                  <div class=\"text-uppercase  grop-vltrs_peple_intro\">Directeur de l'\u00e9cole<\/div>                  <a href=\"https:\/\/www.lyli-association.fr\/?team=koay-chuon\"><img decoding=\"async\" src=\"https:\/\/www.lyli-association.fr\/wp-content\/uploads\/2018\/04\/koay-profil-370x310.jpg\" alt=\"\" \/><\/a>\n                <\/div><!--\/Volunteers people media end-->\n                <!--Volunteers people text start \\-->\n                <div class=\"grop-vltrs_peple_cont_warp\">\n                  <!--Volunteers people intro text start \\-->\n                  <div class=\"grop-vltrs_peple_intro_txt\">\n                    <h4><a href=\"https:\/\/www.lyli-association.fr\/?team=koay-chuon\">Koay Chuon<\/a><\/h4>                    <p>\n                      Cambodgien, il souhaitait depuis longtemps voir \u00e9voluer la situation pour les enfants                    <\/p>\n                  <\/div><!--\/end-->\n                  <!--Social  warp start \\-->\n                  <div class=\"grop-fix grop-vltrs_peple_social_warp\">\n                    <!--title text start \\-->\n                    <h5 class=\"text-left  col-xs-6 grop-vltrs_peple_scil_title\">Meet Me On:<\/h5><!--\/end-->\n                    <!--Social  start \\-->\n                    <div class=\"col-xs-6  vltrs_peple_social\">\n                      <ul class=\"list-inline text-right\">\n                                            <\/ul>\n                    <\/div><!--\/end-->\n                  <\/div><!--\/Social  warp end-->\n                  \n                <\/div><!--\/Volunteers people media end-->\n                \n              <\/div>\n\n                          <\/div><!--\/Volunteers people single intro end-->\n                    <\/div> <!-- row -->\n      <\/div> <!-- container -->\n    <\/div> <!-- team End -->\n    [\/vc_column][\/vc_row]<\/p>\n","protected":false},"excerpt":{"rendered":"[vc_row][vc_column width=\u00a0\u00bb1\/2&Prime;][vc_single_image image=\u00a0\u00bb250&Prime; img_size=\u00a0\u00bbfull\u00a0\u00bb alignment=\u00a0\u00bbcenter\u00a0\u00bb][\/vc_column][vc_column width=\u00a0\u00bb1\/2&Prime;][vc_column_text]\u00c0 la base du projet nous avons","protected":false},"author":1,"featured_media":0,"parent":0,"menu_order":2,"comment_status":"closed","ping_status":"open","template":"","meta":{"_exactmetrics_skip_tracking":false,"_exactmetrics_sitenote_active":false,"_exactmetrics_sitenote_note":"","_exactmetrics_sitenote_category":0,"footnotes":""},"aioseo_notices":[],"_links":{"self":[{"href":"https:\/\/www.lyli-association.fr\/index.php?rest_route=\/wp\/v2\/pages\/18"}],"collection":[{"href":"https:\/\/www.lyli-association.fr\/index.php?rest_route=\/wp\/v2\/pages"}],"about":[{"href":"https:\/\/www.lyli-association.fr\/index.php?rest_route=\/wp\/v2\/types\/page"}],"author":[{"embeddable":true,"href":"https:\/\/www.lyli-association.fr\/index.php?rest_route=\/wp\/v2\/users\/1"}],"replies":[{"embeddable":true,"href":"https:\/\/www.lyli-association.fr\/index.php?rest_route=%2Fwp%2Fv2%2Fcomments&post=18"}],"version-history":[{"count":32,"href":"https:\/\/www.lyli-association.fr\/index.php?rest_route=\/wp\/v2\/pages\/18\/revisions"}],"predecessor-version":[{"id":3021,"href":"https:\/\/www.lyli-association.fr\/index.php?rest_route=\/wp\/v2\/pages\/18\/revisions\/3021"}],"wp:attachment":[{"href":"https:\/\/www.lyli-association.fr\/index.php?rest_route=%2Fwp%2Fv2%2Fmedia&parent=18"}],"curies":[{"name":"wp","href":"https:\/\/api.w.org\/{rel}","templated":true}]}}